{"id":1697,"date":"2025-04-04T07:06:45","date_gmt":"2025-04-04T07:06:45","guid":{"rendered":"https:\/\/lafineequipeprovence.com\/?page_id=1697"},"modified":"2025-04-04T07:09:05","modified_gmt":"2025-04-04T07:09:05","slug":"mentions-legales","status":"publish","type":"page","link":"https:\/\/lafineequipeprovence.com\/index.php\/mentions-legales\/","title":{"rendered":"Mentions l\u00e9gales"},"content":{"rendered":"\t\t<div data-elementor-type=\"wp-page\" data-elementor-id=\"1697\" class=\"elementor elementor-1697\" data-elementor-post-type=\"page\">\n\t\t\t\t\t\t\t\t\t<section class=\"elementor-section elementor-top-section elementor-element elementor-element-1166a52 elementor-section-boxed elementor-section-height-default elementor-section-height-default\" data-id=\"1166a52\" data-element_type=\"section\">\n\t\t\t\t\t\t<div class=\"elementor-container elementor-column-gap-default\">\n\t\t\t\t\t<div class=\"elementor-column elementor-col-100 elementor-top-column elementor-element elementor-element-2dd7ffc\" data-id=\"2dd7ffc\" data-element_type=\"column\">\n\t\t\t<div class=\"elementor-widget-wrap elementor-element-populated\">\n\t\t\t\t\t\t\t\t<div class=\"elementor-element elementor-element-80acc26 elementor-widget elementor-widget-heading\" data-id=\"80acc26\" data-element_type=\"widget\" data-widget_type=\"heading.default\">\n\t\t\t\t<div class=\"elementor-widget-container\">\n\t\t\t<style>\/*! elementor - v3.18.0 - 20-12-2023 *\/\n.elementor-heading-title{padding:0;margin:0;line-height:1}.elementor-widget-heading .elementor-heading-title[class*=elementor-size-]>a{color:inherit;font-size:inherit;line-height:inherit}.elementor-widget-heading .elementor-heading-title.elementor-size-small{font-size:15px}.elementor-widget-heading .elementor-heading-title.elementor-size-medium{font-size:19px}.elementor-widget-heading .elementor-heading-title.elementor-size-large{font-size:29px}.elementor-widget-heading .elementor-heading-title.elementor-size-xl{font-size:39px}.elementor-widget-heading .elementor-heading-title.elementor-size-xxl{font-size:59px}<\/style><h2 class=\"elementor-heading-title elementor-size-default\">MENTIONS L\u00c9GALES<\/h2>\t\t<\/div>\n\t\t\t\t<\/div>\n\t\t\t\t<div class=\"elementor-element elementor-element-6bb74e9 elementor-widget elementor-widget-text-editor\" data-id=\"6bb74e9\" data-element_type=\"widget\" data-widget_type=\"text-editor.default\">\n\t\t\t\t<div class=\"elementor-widget-container\">\n\t\t\t<style>\/*! elementor - v3.18.0 - 20-12-2023 *\/\n.elementor-widget-text-editor.elementor-drop-cap-view-stacked .elementor-drop-cap{background-color:#69727d;color:#fff}.elementor-widget-text-editor.elementor-drop-cap-view-framed .elementor-drop-cap{color:#69727d;border:3px solid;background-color:transparent}.elementor-widget-text-editor:not(.elementor-drop-cap-view-default) .elementor-drop-cap{margin-top:8px}.elementor-widget-text-editor:not(.elementor-drop-cap-view-default) .elementor-drop-cap-letter{width:1em;height:1em}.elementor-widget-text-editor .elementor-drop-cap{float:left;text-align:center;line-height:1;font-size:50px}.elementor-widget-text-editor .elementor-drop-cap-letter{display:inline-block}<\/style>\t\t\t\t<p><span style=\"font-weight: 400;\"><strong>Nom de la soci\u00e9t\u00e9 :<\/strong> SAS LA FINE EQUIPE <\/span><span style=\"font-weight: 400;\"><br \/><\/span><span style=\"font-weight: 400;\"><strong>Num\u00e9ro de Siret :<\/strong> <\/span><span style=\"font-weight: 400;\">840 803 027 000 19<\/span><span style=\"font-weight: 400;\"><br \/><\/span><span style=\"font-weight: 400;\"><strong>Adresse du si\u00e8ge social de la soci\u00e9t\u00e9 :<\/strong> 3 rue d\u2019Eylau b\u00e2t le Shanghai, 13006 Marseille\u00a0<\/span><\/p>\n<p><span style=\"font-weight: 400;\">Ce site est la propri\u00e9t\u00e9 de <strong>SAS LA FINE EQUIPE<\/strong>, Soci\u00e9t\u00e9 par actions simplifi\u00e9e au capital de <\/span><span style=\"font-weight: 400;\">20.000 euros,<\/span><span style=\"font-weight: 400;\"><br \/><\/span><span style=\"font-weight: 400;\">RC Marseille B 840803027, N\u00b0 de Siret <\/span><span style=\"font-weight: 400;\">840 803 027 000 19<\/span><span style=\"font-weight: 400;\">, n\u00b0 de TVA intracommunautaire FR 44 840803027, dont le si\u00e8ge social est situ\u00e9 3 rue d\u2019Eylau b\u00e2t le Shanghai, 13006 Marseille.<\/span><span style=\"font-weight: 400;\"><br \/><\/span><span style=\"font-weight: 400;\"><strong>Adresse e-mail<\/strong> : <\/span><span style=\"font-weight: 400;\">contact@lafineequipeprovence.com<\/span><span style=\"font-weight: 400;\"><br \/><\/span><span style=\"font-weight: 400;\"><strong>T\u00e9l\u00e9phone<\/strong> : 06 71 96 67 85<\/span><\/p>\n<p><span style=\"font-weight: 400;\">Ce site fournit des informations sur \u00ab <strong>La Fine \u00c9quipe<\/strong> \u00bb.<\/span><span style=\"font-weight: 400;\"><br \/><\/span><span style=\"font-weight: 400;\">En l\u2019utilisant, le visiteur reconna\u00eet avoir eu la possibilit\u00e9 de prendre connaissance des mentions l\u00e9gales. <\/span><span style=\"font-weight: 400;\"><br \/><\/span><span style=\"font-weight: 400;\"><br \/><\/span><span style=\"font-weight: 400;\">Sauf mention contraire, les droits de propri\u00e9t\u00e9 intellectuelle sur les documents contenus dans le site et chacun des \u00e9l\u00e9ments cr\u00e9\u00e9s pour ce site sont la propri\u00e9t\u00e9 exclusive de SAS La Fine Equipe. En application de la loi du 11 mars 1957 (art. 41) et du code de la propri\u00e9t\u00e9 intellectuelle du 1er juillet 1992, la reproduction de tous documents publi\u00e9s sur le site est seulement autoris\u00e9e aux fins exclusives d&#8217;information pour un usage personnel et priv\u00e9 ; toute reproduction et toute utilisation de copies r\u00e9alis\u00e9es \u00e0 d&#8217;autres fins \u00e9tant express\u00e9ment interdites. <\/span><span style=\"font-weight: 400;\"><br \/><\/span><span style=\"font-weight: 400;\"><br \/><\/span><span style=\"font-weight: 400;\">SAS La Fine Equipe s&#8217;efforcera d&#8217;assurer l&#8217;exactitude et la mise \u00e0 jour des informations diffus\u00e9es sur ce site, dont elle se r\u00e9serve le droit de corriger, \u00e0 tout moment et sans pr\u00e9avis, le contenu. SAS La Fine Equipe n&#8217;ayant pas le contr\u00f4le de toutes les sources des informations auxquelles elle donne acc\u00e8s et compte tenu de la complexit\u00e9 des traitements des informations, elle ne peut \u00eatre tenue pour responsable des erreurs ou omissions des donn\u00e9es affich\u00e9es. Il appartient au visiteur du site de v\u00e9rifier l&#8217;information par d&#8217;autres moyens, y compris en contactant SAS La Fine Equipe. SAS La Fine Equipe ne pourra en aucun cas \u00eatre engag\u00e9e du fait des informations diffus\u00e9es sur les sites vers lesquels des liens ont \u00e9t\u00e9 cr\u00e9\u00e9s.<\/span><\/p>\n<p><span style=\"font-weight: 400;\">Traitement des donn\u00e9es personnelles\u00a0 :<\/span><span style=\"font-weight: 400;\"><br \/><\/span><span style=\"font-weight: 400;\">Conform\u00e9ment \u00e0 l\u2019article 34 de la Loi \u00ab Informatique et Libert\u00e9s \u00bb n\u00b0 78-17 du 6 janvier 1978, modifi\u00e9e le 6 ao\u00fbt 2004, vous disposez d\u2019un droit d\u2019acc\u00e8s, de modification, de rectification et de suppression des donn\u00e9es qui vous concernent. Vous pouvez l\u2019exercer sur simple demande \u00e9crite \u00e0 l\u2019adresse suivante : SAS La Fine Equipe, 3 rue d\u2019Eylau b\u00e2t le Shanghai, 13006 Marseille. De plus, les adresses \u00e9lectroniques collect\u00e9es ne font l\u2019objet d\u2019aucune cession, ni d\u2019aucun traitement.<\/span><\/p>\n<p><span style=\"font-weight: 400;\"><strong>\u00c9diteur du site<\/strong> : SAS La Fine Equipe<\/span><span style=\"font-weight: 400;\"><br \/><\/span><span style=\"font-weight: 400;\"><strong>Directeur de la publication<\/strong> : SAS La Fine Equipe<\/span><span style=\"font-weight: 400;\"><br \/><\/span><span style=\"font-weight: 400;\"><strong>Responsable de la r\u00e9daction<\/strong> : SAS La Fine Equipe<\/span><\/p>\n<p><span style=\"font-weight: 400;\"><strong>Webmaster<\/strong> : SAS La Fine Equipe<\/span><span style=\"font-weight: 400;\"><br \/><\/span><span style=\"font-weight: 400;\"><br \/><\/span><span style=\"font-weight: 400;\"><strong>H\u00e9bergeur<\/strong> :<\/span> <span style=\"font-weight: 400;\">OVH SAS<\/span><\/p>\n<p><i><span style=\"font-weight: 400;\">2 rue Kellermann<\/span><\/i><i><span style=\"font-weight: 400;\"><br \/><\/span><\/i><i><span style=\"font-weight: 400;\">59100 Roubaix<\/span><\/i><i><span style=\"font-weight: 400;\"><br \/><\/span><\/i><i><span style=\"font-weight: 400;\">France<\/span><\/i><\/p>\n<p><span style=\"font-weight: 400;\"><strong>T\u00e9l\u00e9phone<\/strong> : 1007<\/span><\/p>\n<p><span style=\"font-weight: 400;\">SAS au capital de 10 059 500 \u20ac<\/span><span style=\"font-weight: 400;\"><br \/><\/span><span style=\"font-weight: 400;\">RCS Lille M\u00e9tropole 424 761 419 00045<\/span><span style=\"font-weight: 400;\"><br \/><\/span><span style=\"font-weight: 400;\">Code APE 6202A<\/span><span style=\"font-weight: 400;\"><br \/><\/span><span style=\"font-weight: 400;\">N\u00b0 TVA : FR 22 424 761 419<\/span><\/p>\t\t\t\t\t\t<\/div>\n\t\t\t\t<\/div>\n\t\t\t\t\t<\/div>\n\t\t<\/div>\n\t\t\t\t\t\t\t<\/div>\n\t\t<\/section>\n\t\t\t\t\t\t\t<\/div>\n\t\t","protected":false},"excerpt":{"rendered":"<p>MENTIONS L\u00c9GALES Nom de la soci\u00e9t\u00e9 : SAS LA FINE EQUIPE Num\u00e9ro de Siret : 840 803 027 000 19Adresse du si\u00e8ge social de la soci\u00e9t\u00e9 : 3 rue d\u2019Eylau b\u00e2t le Shanghai, 13006 Marseille\u00a0 Ce site est la propri\u00e9t\u00e9 de SAS LA FINE EQUIPE, Soci\u00e9t\u00e9 par actions simplifi\u00e9e au capital de 20.000 euros,RC Marseille [&hellip;]<\/p>\n","protected":false},"author":1,"featured_media":0,"parent":0,"menu_order":0,"comment_status":"closed","ping_status":"closed","template":"","meta":{"footnotes":""},"class_list":["post-1697","page","type-page","status-publish","hentry"],"_links":{"self":[{"href":"https:\/\/lafineequipeprovence.com\/index.php\/wp-json\/wp\/v2\/pages\/1697","targetHints":{"allow":["GET"]}}],"collection":[{"href":"https:\/\/lafineequipeprovence.com\/index.php\/wp-json\/wp\/v2\/pages"}],"about":[{"href":"https:\/\/lafineequipeprovence.com\/index.php\/wp-json\/wp\/v2\/types\/page"}],"author":[{"embeddable":true,"href":"https:\/\/lafineequipeprovence.com\/index.php\/wp-json\/wp\/v2\/users\/1"}],"replies":[{"embeddable":true,"href":"https:\/\/lafineequipeprovence.com\/index.php\/wp-json\/wp\/v2\/comments?post=1697"}],"version-history":[{"count":5,"href":"https:\/\/lafineequipeprovence.com\/index.php\/wp-json\/wp\/v2\/pages\/1697\/revisions"}],"predecessor-version":[{"id":1703,"href":"https:\/\/lafineequipeprovence.com\/index.php\/wp-json\/wp\/v2\/pages\/1697\/revisions\/1703"}],"wp:attachment":[{"href":"https:\/\/lafineequipeprovence.com\/index.php\/wp-json\/wp\/v2\/media?parent=1697"}],"curies":[{"name":"wp","href":"https:\/\/api.w.org\/{rel}","templated":true}]}}